{"id":12,"date":"2016-10-29T23:09:16","date_gmt":"2016-10-29T21:09:16","guid":{"rendered":"http:\/\/bonsai-club-reims.fr\/?page_id=12"},"modified":"2026-01-16T20:42:23","modified_gmt":"2026-01-16T19:42:23","slug":"liens","status":"publish","type":"page","link":"http:\/\/bonsai-club-reims.fr\/?page_id=12","title":{"rendered":"Liens"},"content":{"rendered":"<p>&nbsp;<\/p>\n<p><a href=\"http:\/\/www.ffbonsai.com\/\">F\u00e9d\u00e9ration Fran\u00e7aise de Bonsai <\/a><\/p>\n<p><a href=\"http:\/\/www.bonsaiclublorraine.fr\">Bonsa\u00ef Club de Lorraine<\/a><\/p>\n<p><a href=\"http:\/\/www.bonsai-tenkei-club.org\">Tenkei Bonsa\u00ef Club de Mulhouse<\/a><\/p>\n<p><a href=\"http:\/\/www.parlonsbonsai.com\">Parlons Bonsa\u00ef <\/a><\/p>\n<p><a href=\"http:\/\/www.espritsdegoshin.fr\">Esprit de Goshin<\/a><\/p>\n<p>et puis :<\/p>\n<ul>\n<li><a href=\"http:\/\/www.reimsavant.documentation-ra.com\/\" target=\"_blank\" rel=\"noopener\">ReimsAvant<\/a><\/li>\n<li><a href=\"http:\/\/archi.reimsavant.com\/\" target=\"_blank\" rel=\"noopener\">ArchiReimsAvant<\/a><\/li>\n<\/ul>\n<p>&nbsp;<\/p>\n","protected":false},"excerpt":{"rendered":"<p>&nbsp; F\u00e9d\u00e9ration Fran\u00e7aise de Bonsai Bonsa\u00ef Club de Lorraine Tenkei Bonsa\u00ef Club de Mulhouse Parlons Bonsa\u00ef Esprit de Goshin et puis : ReimsAvant ArchiReimsAvant &nbsp;<\/p>\n","protected":false},"author":1,"featured_media":616,"parent":0,"menu_order":0,"comment_status":"closed","ping_status":"closed","template":"","meta":{"footnotes":""},"_links":{"self":[{"href":"http:\/\/bonsai-club-reims.fr\/index.php?rest_route=\/wp\/v2\/pages\/12"}],"collection":[{"href":"http:\/\/bonsai-club-reims.fr\/index.php?rest_route=\/wp\/v2\/pages"}],"about":[{"href":"http:\/\/bonsai-club-reims.fr\/index.php?rest_route=\/wp\/v2\/types\/page"}],"author":[{"embeddable":true,"href":"http:\/\/bonsai-club-reims.fr\/index.php?rest_route=\/wp\/v2\/users\/1"}],"replies":[{"embeddable":true,"href":"http:\/\/bonsai-club-reims.fr\/index.php?rest_route=%2Fwp%2Fv2%2Fcomments&post=12"}],"version-history":[{"count":4,"href":"http:\/\/bonsai-club-reims.fr\/index.php?rest_route=\/wp\/v2\/pages\/12\/revisions"}],"predecessor-version":[{"id":1576,"href":"http:\/\/bonsai-club-reims.fr\/index.php?rest_route=\/wp\/v2\/pages\/12\/revisions\/1576"}],"wp:featuredmedia":[{"embeddable":true,"href":"http:\/\/bonsai-club-reims.fr\/index.php?rest_route=\/wp\/v2\/media\/616"}],"wp:attachment":[{"href":"http:\/\/bonsai-club-reims.fr\/index.php?rest_route=%2Fwp%2Fv2%2Fmedia&parent=12"}],"curies":[{"name":"wp","href":"https:\/\/api.w.org\/{rel}","templated":true}]}}