{"id":14,"date":"2016-10-29T23:11:26","date_gmt":"2016-10-29T21:11:26","guid":{"rendered":"http:\/\/bonsai-club-reims.fr\/?page_id=14"},"modified":"2023-11-29T14:59:34","modified_gmt":"2023-11-29T13:59:34","slug":"localisation","status":"publish","type":"page","link":"http:\/\/bonsai-club-reims.fr\/?page_id=14","title":{"rendered":""},"content":{"rendered":"\n<p>LOCALISATION<\/p>\n\n\n<p>Lieu : 65 rue Edmond Rostand \u00e0 Reims (Quartier Val de Murigny en face de Boulay Literie).<\/p>\n<p>Pour les nouveaux adh\u00e9rents, merci de vous garer sur le parking ext\u00e9rieur (Boulay Literie). La salle se situe au fond de l&rsquo;all\u00e9e sur la photographie.<\/p>\n<p>&nbsp;<\/p>\n\n\n<figure class=\"wp-block-image size-full\"><img loading=\"lazy\" decoding=\"async\" width=\"836\" height=\"388\" src=\"http:\/\/bonsai-club-reims.fr\/wp-content\/uploads\/2023\/11\/foyer-thibierge.png\" alt=\"\" class=\"wp-image-1431\" srcset=\"http:\/\/bonsai-club-reims.fr\/wp-content\/uploads\/2023\/11\/foyer-thibierge.png 836w, http:\/\/bonsai-club-reims.fr\/wp-content\/uploads\/2023\/11\/foyer-thibierge-300x139.png 300w, http:\/\/bonsai-club-reims.fr\/wp-content\/uploads\/2023\/11\/foyer-thibierge-768x356.png 768w, http:\/\/bonsai-club-reims.fr\/wp-content\/uploads\/2023\/11\/foyer-thibierge-600x278.png 600w\" sizes=\"(max-width: 836px) 100vw, 836px\" \/><\/figure>\n","protected":false},"excerpt":{"rendered":"<p>LOCALISATION Lieu : 65 rue Edmond Rostand \u00e0 Reims (Quartier Val de Murigny en face de Boulay Literie). Pour les nouveaux adh\u00e9rents, merci de vous garer sur le parking ext\u00e9rieur (Boulay Literie). La salle se situe au fond de l&rsquo;all\u00e9e sur la photographie. &nbsp;<\/p>\n","protected":false},"author":1,"featured_media":0,"parent":0,"menu_order":0,"comment_status":"closed","ping_status":"closed","template":"","meta":{"footnotes":""},"_links":{"self":[{"href":"http:\/\/bonsai-club-reims.fr\/index.php?rest_route=\/wp\/v2\/pages\/14"}],"collection":[{"href":"http:\/\/bonsai-club-reims.fr\/index.php?rest_route=\/wp\/v2\/pages"}],"about":[{"href":"http:\/\/bonsai-club-reims.fr\/index.php?rest_route=\/wp\/v2\/types\/page"}],"author":[{"embeddable":true,"href":"http:\/\/bonsai-club-reims.fr\/index.php?rest_route=\/wp\/v2\/users\/1"}],"replies":[{"embeddable":true,"href":"http:\/\/bonsai-club-reims.fr\/index.php?rest_route=%2Fwp%2Fv2%2Fcomments&post=14"}],"version-history":[{"count":10,"href":"http:\/\/bonsai-club-reims.fr\/index.php?rest_route=\/wp\/v2\/pages\/14\/revisions"}],"predecessor-version":[{"id":1432,"href":"http:\/\/bonsai-club-reims.fr\/index.php?rest_route=\/wp\/v2\/pages\/14\/revisions\/1432"}],"wp:attachment":[{"href":"http:\/\/bonsai-club-reims.fr\/index.php?rest_route=%2Fwp%2Fv2%2Fmedia&parent=14"}],"curies":[{"name":"wp","href":"https:\/\/api.w.org\/{rel}","templated":true}]}}