{"id":600,"date":"2016-11-03T19:11:44","date_gmt":"2016-11-03T18:11:44","guid":{"rendered":"http:\/\/bonsai-club-reims.fr\/?page_id=600"},"modified":"2026-01-16T20:21:29","modified_gmt":"2026-01-16T19:21:29","slug":"calendrier","status":"publish","type":"page","link":"http:\/\/bonsai-club-reims.fr\/?page_id=600","title":{"rendered":"Planning"},"content":{"rendered":"<p>Les r\u00e9unions se d\u00e9roulent au Foyer Thibierge situ\u00e9 65 rue Edmond Rostand \u00e0 Reims (quartier Val de Murigny en face de Boulay literie).<\/p>\n<p>Les horaires sont habituellement fix\u00e9s de 9h00 \u00e0 16h30.<\/p>\n<p>Les adh\u00e9rents du club recevront avant chaque r\u00e9union un sms suivi d&rsquo;un mail leur pr\u00e9cisant les horaires, les modalit\u00e9s de la r\u00e9union.<\/p>\n\n\n<div data-wp-interactive=\"\" class=\"wp-block-file\"><object data-wp-bind--hidden=\"!selectors.core.file.hasPdfPreview\" hidden class=\"wp-block-file__embed\" data=\"http:\/\/bonsai-club-reims.fr\/wp-content\/uploads\/2026\/01\/planning-1er-semestre-2026-1.pdf\" type=\"application\/pdf\" style=\"width:100%;height:600px\" aria-label=\"Contenu embarqu\u00e9 planning-1er-semestre-2026-1.\"><\/object><a id=\"wp-block-file--media-70a49348-f99a-43ff-88bc-9aaaa0316d1b\" href=\"http:\/\/bonsai-club-reims.fr\/wp-content\/uploads\/2026\/01\/planning-1er-semestre-2026-1.pdf\">planning-1er-semestre-2026-1<\/a><a href=\"http:\/\/bonsai-club-reims.fr\/wp-content\/uploads\/2026\/01\/planning-1er-semestre-2026-1.pdf\" class=\"wp-block-file__button wp-element-button\" download aria-describedby=\"wp-block-file--media-70a49348-f99a-43ff-88bc-9aaaa0316d1b\">T\u00e9l\u00e9charger<\/a><\/div>\n","protected":false},"excerpt":{"rendered":"<p>Les r\u00e9unions se d\u00e9roulent au Foyer Thibierge situ\u00e9 65 rue Edmond Rostand \u00e0 Reims (quartier Val de Murigny en face de Boulay literie). Les horaires sont habituellement fix\u00e9s de 9h00 \u00e0 16h30. Les adh\u00e9rents du club recevront avant chaque r\u00e9union un sms suivi d&rsquo;un mail leur pr\u00e9cisant les horaires, les modalit\u00e9s de la r\u00e9union.<\/p>\n","protected":false},"author":1,"featured_media":0,"parent":12,"menu_order":0,"comment_status":"closed","ping_status":"closed","template":"","meta":{"footnotes":""},"_links":{"self":[{"href":"http:\/\/bonsai-club-reims.fr\/index.php?rest_route=\/wp\/v2\/pages\/600"}],"collection":[{"href":"http:\/\/bonsai-club-reims.fr\/index.php?rest_route=\/wp\/v2\/pages"}],"about":[{"href":"http:\/\/bonsai-club-reims.fr\/index.php?rest_route=\/wp\/v2\/types\/page"}],"author":[{"embeddable":true,"href":"http:\/\/bonsai-club-reims.fr\/index.php?rest_route=\/wp\/v2\/users\/1"}],"replies":[{"embeddable":true,"href":"http:\/\/bonsai-club-reims.fr\/index.php?rest_route=%2Fwp%2Fv2%2Fcomments&post=600"}],"version-history":[{"count":9,"href":"http:\/\/bonsai-club-reims.fr\/index.php?rest_route=\/wp\/v2\/pages\/600\/revisions"}],"predecessor-version":[{"id":1562,"href":"http:\/\/bonsai-club-reims.fr\/index.php?rest_route=\/wp\/v2\/pages\/600\/revisions\/1562"}],"up":[{"embeddable":true,"href":"http:\/\/bonsai-club-reims.fr\/index.php?rest_route=\/wp\/v2\/pages\/12"}],"wp:attachment":[{"href":"http:\/\/bonsai-club-reims.fr\/index.php?rest_route=%2Fwp%2Fv2%2Fmedia&parent=600"}],"curies":[{"name":"wp","href":"https:\/\/api.w.org\/{rel}","templated":true}]}}